{"id":11,"date":"2021-10-12T09:29:53","date_gmt":"2021-10-12T09:29:53","guid":{"rendered":"https:\/\/prahasobe.cz\/praha9sobe\/?page_id=11"},"modified":"2025-10-24T20:07:39","modified_gmt":"2025-10-24T20:07:39","slug":"homepage","status":"publish","type":"page","link":"https:\/\/prahasobe.cz\/praha9sobe\/","title":{"rendered":"Homepage"},"content":{"rendered":"<div id=\"ps-block_dafbd81327da6a16c872dd31192cb6be\" class=\"section custom-bgc custom-bgc-yellow rounded rounded-tl rounded-tr rounded-bl rounded-br hp-header-block\">\n\n\n<div class=\"wp-container-6 wp-block-columns\">\n<div class=\"wp-container-5 wp-block-column hp-header-block--col hp-header-block--col_caption\">\n<figure class=\"wp-block-image size-large is-resized ps-mc-logo\"><img loading=\"lazy\" src=\"https:\/\/prahasobe.cz\/praha9sobe\/wp-content\/uploads\/sites\/4\/2025\/10\/PS9_logo_na-zlute_RGB-1024x934.png\" alt=\"\" class=\"wp-image-7365\" width=\"256\" height=\"234\" srcset=\"https:\/\/prahasobe.cz\/praha9sobe\/wp-content\/uploads\/sites\/4\/2025\/10\/PS9_logo_na-zlute_RGB-1024x934.png 1024w, https:\/\/prahasobe.cz\/praha9sobe\/wp-content\/uploads\/sites\/4\/2025\/10\/PS9_logo_na-zlute_RGB-300x274.png 300w, https:\/\/prahasobe.cz\/praha9sobe\/wp-content\/uploads\/sites\/4\/2025\/10\/PS9_logo_na-zlute_RGB-768x700.png 768w, https:\/\/prahasobe.cz\/praha9sobe\/wp-content\/uploads\/sites\/4\/2025\/10\/PS9_logo_na-zlute_RGB.png 1510w\" sizes=\"(max-width: 256px) 100vw, 256px\" \/><\/figure>\n\n\n\n<h1><strong>Pracujeme pro Prahu&nbsp;9<\/strong><\/h1>\n\n\n\n<div style=\"height:26px\" aria-hidden=\"true\" class=\"wp-block-spacer\"><\/div>\n\n\n\n<div class=\"wp-container-4 wp-block-group\"><div class=\"wp-block-group__inner-container\">\n<div class=\"wp-container-3 wp-block-columns\">\n<div class=\"wp-container-2 wp-block-column\" style=\"flex-basis:100%\">\n<div class=\"wp-container-1 wp-block-group\"><div class=\"wp-block-group__inner-container\">\n<h3>M\u00e1me sv\u00e9 m\u011bsto r\u00e1di a&nbsp;z\u00e1le\u017e\u00ed n\u00e1m na m\u00edst\u011b, kde \u017eijeme.<\/h3>\n\n\n\n<div style=\"height:26px\" aria-hidden=\"true\" class=\"wp-block-spacer\"><\/div>\n<\/div><\/div>\n<\/div>\n<\/div>\n<\/div><\/div>\n\n\n\n<h4>Zastupujeme v\u00e1s na radnici Prahy&nbsp;9 a&nbsp;na magistr\u00e1tu.<\/h4>\n\n\n\n<div style=\"height:30px\" aria-hidden=\"true\" class=\"wp-block-spacer\"><\/div>\n<\/div>\n<\/div>\n\n\n<\/div>\n\n\n<div style=\"height:40px\" aria-hidden=\"true\" class=\"wp-block-spacer\"><\/div>\n\n\n\n<h3 class=\"has-text-align-center\" id=\"podporit\"><strong>Ob\u010dansk\u00e1 kandid\u00e1tka pro Prahu 9<\/strong><\/h3>\n\n\n\n<div class=\"wp-container-7 wp-block-group section section-narrow ps-kandidatka-rastr\"><div class=\"wp-block-group__inner-container\">\n<figure class=\"wp-block-image size-large\"><img loading=\"lazy\" width=\"1024\" height=\"768\" src=\"http:\/\/prahasobe.cz\/praha9sobe\/wp-content\/uploads\/sites\/4\/2022\/08\/Praha-9-Sobe-tym-1024x768.jpg\" alt=\"\" class=\"wp-image-644\" srcset=\"https:\/\/prahasobe.cz\/praha9sobe\/wp-content\/uploads\/sites\/4\/2022\/08\/Praha-9-Sobe-tym-1024x768.jpg 1024w, https:\/\/prahasobe.cz\/praha9sobe\/wp-content\/uploads\/sites\/4\/2022\/08\/Praha-9-Sobe-tym-300x225.jpg 300w, https:\/\/prahasobe.cz\/praha9sobe\/wp-content\/uploads\/sites\/4\/2022\/08\/Praha-9-Sobe-tym-768x576.jpg 768w, https:\/\/prahasobe.cz\/praha9sobe\/wp-content\/uploads\/sites\/4\/2022\/08\/Praha-9-Sobe-tym-1536x1152.jpg 1536w, https:\/\/prahasobe.cz\/praha9sobe\/wp-content\/uploads\/sites\/4\/2022\/08\/Praha-9-Sobe-tym-2048x1536.jpg 2048w\" sizes=\"(max-width: 1024px) 100vw, 1024px\" \/><\/figure>\n<\/div><\/div>\n\n\n\n<div class=\"wp-container-9 wp-block-group section section-narrow\"><div class=\"wp-block-group__inner-container\"><div id=\"ps-block_9f9badf9cf39d40592397a372b664284\" class=\"section custom-bgc custom-bgc-regular outline outline-yellow rounded rounded-tl rounded-tr rounded-bl rounded-br\">\n\n\n<p class=\"has-text-align-center\"><strong>Kdy\u017e se spoj\u00ed soused\u00e9, dok\u00e1\u017eeme velk\u00e9 v\u011bci. <\/strong>D\u00edky sdru\u017een\u00ed PRAHA SOB\u011a v\u00edme, jakou s\u00edlu maj\u00ed nez\u00e1visl\u00ed kandid\u00e1ti a&nbsp;kandid\u00e1tky. Chceme sousedskou politiku p\u0159in\u00e9st i&nbsp;do Prahy 9. <\/p>\n\n\n\n<p class=\"has-text-align-center\"><\/p>\n\n\n\n<div style=\"height:20px\" aria-hidden=\"true\" class=\"wp-block-spacer\"><\/div>\n\n\n\n<div class=\"wp-container-8 is-horizontal is-content-justification-center wp-block-buttons\">\n<div class=\"wp-block-button caps btn-black\"><a class=\"wp-block-button__link\" href=\"https:\/\/prahasobe.cz\/praha9sobe\/kontakt\/\">P\u0159idejte se<\/a><\/div>\n<\/div>\n\n\n<\/div>\n\n\n<div style=\"height:60px\" aria-hidden=\"true\" class=\"wp-block-spacer\"><\/div>\n<\/div><\/div>\n\n\n\n<div class=\"wp-container-25 wp-block-group full-width ps-strip-container\"><div class=\"wp-block-group__inner-container\">\n<div class=\"wp-container-24 wp-block-columns ps-strip\">\n<div class=\"wp-container-19 wp-block-column column-caption\">\n<h3 class=\"caps ps-ff strong\"><strong>Jsme sou\u010d\u00e1st\u00ed ob\u010dansk\u00e9 kandid\u00e1tky PRAHA SOB\u011a.<\/strong><\/h3>\n\n\n\n<div class=\"wp-container-13 wp-block-columns ps-people-columns\">\n<div class=\"wp-container-10 wp-block-column ps-people-column ps-people-column_icon\">\n<figure class=\"wp-block-image size-large\"><img  src=\"http:\/\/prahasobe.cz\/praha9sobe\/wp-content\/uploads\/sites\/4\/2022\/04\/PSMC_icon-man02.svg\" alt=\"\" class=\"wp-image-260\" \/><\/figure>\n<\/div>\n\n\n\n<div class=\"wp-container-11 wp-block-column ps-people-column ps-people-column_headline\">\n<h6 class=\"caps ff-ps-italic strong\">JAN \u010cI\u017dINSK\u00dd<\/h6>\n<\/div>\n\n\n\n<div class=\"wp-container-12 wp-block-column ps-people-column ps-people-column_caption\">\n<p class=\"minor\">starosta Prahy 7<\/p>\n<\/div>\n<\/div>\n\n\n\n<div class=\"wp-container-17 wp-block-columns ps-people-columns\">\n<div class=\"wp-container-14 wp-block-column ps-people-column ps-people-column_icon\">\n<figure class=\"wp-block-image size-large\"><img  src=\"http:\/\/prahasobe.cz\/praha9sobe\/wp-content\/uploads\/sites\/4\/2022\/04\/PSMC_icon-woman02.svg\" alt=\"\" class=\"wp-image-261\" \/><\/figure>\n<\/div>\n\n\n\n<div class=\"wp-container-15 wp-block-column ps-people-column ps-people-column_headline\">\n<h6 class=\"caps ff-ps-italic strong\">HANA T\u0158E\u0160T\u00cdKOV\u00c1<\/h6>\n<\/div>\n\n\n\n<div class=\"wp-container-16 wp-block-column ps-people-column ps-people-column_caption\">\n<p class=\"minor\">m\u00edstostarostka Prahy 7<\/p>\n<\/div>\n<\/div>\n\n\n\n<div class=\"wp-container-18 wp-block-buttons\">\n<div class=\"wp-block-button btn-black\"><a class=\"wp-block-button__link\" href=\"https:\/\/prahasobe.cz\/\">p\u0159ej\u00edt na web prahasob\u011b<\/a><\/div>\n<\/div>\n<\/div>\n\n\n\n<div class=\"wp-container-23 wp-block-column column-circles\">\n<div class=\"wp-container-22 wp-block-columns nowrap\">\n<div class=\"wp-container-20 wp-block-column\">\n<figure class=\"wp-block-image size-full\"><img loading=\"lazy\" width=\"600\" height=\"601\" src=\"http:\/\/prahasobe.cz\/praha9sobe\/wp-content\/uploads\/sites\/4\/2022\/04\/PSSOBE-JCizinskyHTrestikova.png\" alt=\"\" class=\"wp-image-262\" srcset=\"https:\/\/prahasobe.cz\/praha9sobe\/wp-content\/uploads\/sites\/4\/2022\/04\/PSSOBE-JCizinskyHTrestikova.png 600w, https:\/\/prahasobe.cz\/praha9sobe\/wp-content\/uploads\/sites\/4\/2022\/04\/PSSOBE-JCizinskyHTrestikova-300x300.png 300w, https:\/\/prahasobe.cz\/praha9sobe\/wp-content\/uploads\/sites\/4\/2022\/04\/PSSOBE-JCizinskyHTrestikova-150x150.png 150w\" sizes=\"(max-width: 600px) 100vw, 600px\" \/><\/figure>\n<\/div>\n\n\n\n<div class=\"wp-container-21 wp-block-column\">\n<figure class=\"wp-block-image size-full\"><img loading=\"lazy\" width=\"489\" height=\"489\" src=\"http:\/\/localhost:8888\/PrahaSobeMULTISITE\/praha9sobe\/wp-content\/uploads\/sites\/4\/2021\/11\/PS-circ-logo.png\" alt=\"\" class=\"wp-image-197\" srcset=\"https:\/\/prahasobe.cz\/praha9sobe\/wp-content\/uploads\/sites\/4\/2021\/11\/PS-circ-logo.png 489w, https:\/\/prahasobe.cz\/praha9sobe\/wp-content\/uploads\/sites\/4\/2021\/11\/PS-circ-logo-300x300.png 300w, https:\/\/prahasobe.cz\/praha9sobe\/wp-content\/uploads\/sites\/4\/2021\/11\/PS-circ-logo-150x150.png 150w\" sizes=\"(max-width: 489px) 100vw, 489px\" \/><\/figure>\n<\/div>\n<\/div>\n<\/div>\n<\/div>\n<\/div><\/div>\n\n\n\n<div id=\"newsletter-signup-widget-area\" class=\"amr-widget-area\"> <div class=\"social-widget\"> <div id=\"mc_embed_signup\" class=\"sign_up_form-container\"> <form action=\"https:\/\/prahasobe.us17.list-manage.com\/subscribe\/post?u=fb3b2e23a20226223d7fd78a0&amp;id=abb3da898c\" method=\"post\" id=\"mc-embedded-subscribe-form\" name=\"mc-embedded-subscribe-form\" class=\"validate sign_up_form\" target=\"_blank\" novalidate=\"\"> <div id=\"mc_embed_signup_scroll\" class=\"sign_up_form-inner\"> <p class=\"form-item caps form-label caps minor\">Novinky ve va\u0161em mailu<\/p> <div class=\"form-item mc-field-group input-container\"> <input type=\"email\" value=\"\" name=\"EMAIL\" placeholder=\"Novinky ve va\u0161em mailu\" class=\"required email plain  oldsignup-trigger\" id=\"mce-EMAIL\"> <label for=\"mce-EMAIL\" class=\"label-as-placeholder\">Novinky ve va\u0161em mailu<\/label> <\/div> <div id=\"mce-responses\" class=\"clear\"> <div class=\"response\" id=\"mce-error-response\" style=\"display:none\"><\/div> <div class=\"response\" id=\"mce-success-response\" style=\"display:none\"><\/div> <\/div> <p><!-- real people should not fill this in and expect good things - do not remove this or risk form bot signups--> <\/p> <div style=\"position: absolute; left: -5000px;\" aria-hidden=\"true\"><input type=\"text\" name=\"b_fb3b2e23a20226223d7fd78a0_abb3da898c\" tabindex=\"-1\" value=\"\"><\/div> <div class=\"form-item clear submit-btn-container plain \"><input type=\"submit\" value=\"Odeb\u00edrat newsletter\" name=\"subscribe\" id=\"mc-embedded-subscribe\" class=\"button caps plain oldsignup-trigger\"><\/div> <\/div> <\/form> <\/div> <\/div> <\/div>\n\n\n\n\n<div class=\"wp-container-26 wp-block-group\"><div class=\"wp-block-group__inner-container\">\n<div id=\"podporte-ps-widget-area\" class=\"amr-widget-area\"> \n<div class=\"wp-container-29 wp-block-columns podporte-ps-widget\">\n<div class=\"wp-container-27 wp-block-column thick-T dotted-B\" style=\"flex-basis:33.33%\">\n<ol><li>Podporu adresujte cel\u00e9 PRAZE SOB\u011a, nebo konkr\u00e9tn\u00edm m\u011bstsk\u00fdm \u010d\u00e1stem.<\/li><li>Zvolte&nbsp;\u010d\u00e1stku.<\/li><li>Potvr\u010fte kliknut\u00edm na tla\u010d\u00edtko DAROVAT a&nbsp;pokra\u010dujte ke&nbsp;shrnut\u00ed a&nbsp;platb\u011b.<\/li><\/ol>\n\n\n\n<div style=\"height:20px\" aria-hidden=\"true\" class=\"wp-block-spacer\"><\/div>\n\n\n\n<h3><strong>Co v\u0161echno V\u00e1\u0161 dar m\u016f\u017ee zm\u011bnit?<\/strong><\/h3>\n\n\n\n<div style=\"height:14px\" aria-hidden=\"true\" class=\"wp-block-spacer\"><\/div>\n\n\n\n<p><strong><strong>300 K\u010d <\/strong><\/strong>= podpora na anal\u00fdzy rozhodnut\u00edch sou\u010dasn\u00e9 Rady, abychom zabr\u00e1nili nekal\u00fdm praktik\u00e1m ve&nbsp;veden\u00ed&nbsp;m\u011bsta<\/p>\n\n\n\n<p><strong><strong>500 K\u010d <\/strong><\/strong>= 16 000 lid\u00ed se na soc.&nbsp;s\u00edt\u00edch dozv\u00ed t\u0159eba o&nbsp;Bal\u00ed\u010dku pro Pra\u017eany, kter\u00fd pom\u00e1h\u00e1 k&nbsp;dostupn\u00e9mu bydlen\u00ed, \u0161koln\u00edm ob\u011bd\u016fm zdarma a&nbsp;dal\u0161\u00ed pomoci t\u011bm nejohro\u017een\u011bj\u0161\u00edm&nbsp;Pra\u017ean\u016fm<\/p>\n\n\n\n<p><strong><strong>800 K\u010d <\/strong><\/strong>= podpora na pr\u00e1vn\u00ed anal\u00fdzy k&nbsp;odstra\u0148ov\u00e1n\u00ed ileg\u00e1ln\u00edch&nbsp;billboard\u016f<\/p>\n\n\n\n<p><strong><strong>2000 K\u010d <\/strong><\/strong>= podpora pro na\u0161e odborn\u00edky, aby mohli posouvat ty nejv\u011bt\u0161\u00ed m\u011bstsk\u00e9 projekty, jako jsou okruhy nebo dostupn\u00e9&nbsp;bydlen\u00ed<\/p>\n\n\n\n<div style=\"height:14px\" aria-hidden=\"true\" class=\"wp-block-spacer\"><\/div>\n<\/div>\n\n\n\n<div class=\"wp-container-28 wp-block-column rounded-tl rounded-tr rounded-br rounded-bl custom-bgc custom-bgc-yellow\" style=\"flex-basis:66.66%\">\n<div style=\"height:20px\" aria-hidden=\"true\" class=\"wp-block-spacer\"><\/div>\n\n\n\n<div class=\"support-form-prestep\"> <div class=\"row\"> <h4 class=\"text-left donation-headline\">P\u0159\u00edjemce p\u0159\u00edsp\u011bvku:<\/h4> <p><\/p> <\/div> <div class=\"row custom-input--select\"> <select name=\"county\"><option value=\"Praha-9\">Praha 9<\/option><option value=\"Magistrat\">Magistr\u00e1t<\/option><option value=\"Praha-1\">Praha 1<\/option><option value=\"Praha-2\">Praha 2<\/option><option value=\"Praha-3\">Praha 3<\/option><option value=\"Praha-4\">Praha 4<\/option><option value=\"Praha-5\">Praha 5<\/option><option value=\"Praha-6\">Praha 6<\/option><option value=\"Praha-7\">Praha 7<\/option><option value=\"Praha-8\">Praha 8<\/option><option value=\"Praha-10\">Praha 10<\/option><option value=\"Praha-11\">Praha 11<\/option><option value=\"Praha-12\">Praha 12<\/option><option value=\"Praha-13\">Praha 13<\/option><option value=\"Praha-14\">Praha 14<\/option><option value=\"Praha-Kunratice\">Kunratice<\/option><option value=\"Praha-Satalice\">Satalice<\/option><\/select> <\/div> <div class=\"row\"> <h4 class=\"text-left donation-headline\">Zvolte takovou \u010d\u00e1stku, kterou sami SOB\u011a ud\u011bl\u00e1te radost.<\/h4> <p><\/p> <\/div> <div class=\"row text-left row-amount-pick\"> <div class=\"\"> <label class=\" margin-b nice-input\">300&nbsp;K\u010d<input type=\"radio\" name=\"amount\" value=\"300\"><span class=\"checkmark\"><\/span><\/label> <\/div> <div class=\"col\"> <label class=\" margin-b nice-input\">500&nbsp;K\u010d<input type=\"radio\" name=\"amount\" value=\"500\"><span class=\"checkmark\"><\/span><\/label> <\/div> <div class=\"col\"> <label class=\" margin-b nice-input\">800&nbsp;K\u010d<input type=\"radio\" name=\"amount\" value=\"800\" checked=\"\"><span class=\"checkmark\"><\/span><\/label> <\/div> <div class=\"col\"> <label class=\" margin-b nice-input\">2000&nbsp;K\u010d<input type=\"radio\" name=\"amount\" value=\"2000\"><span class=\"checkmark\"><\/span><\/label> <\/div> <p><\/p> <\/div> <div class=\"row margin-b margin-t row-set-custom-amount\"> <a class=\"show-user-set-amount\">Zadejte vlastn\u00ed \u010d\u00e1stku<\/a><input id=\"setAmountID\" class=\"widest\" type=\"number\" min=\"50\" placeholder=\"nebo zadejte \u010d\u00e1stku\" name=\"user-set-amount\"><input id=\"\" class=\"actual-amount\" type=\"hidden\" name=\"actual-amount\"> <\/div> <div class=\"row btn-row margin-t\"> <div class=\"btn-row--col\"> <a data-donation-type=\"regular\" href=\"https:\/\/prahasobe.cz\/podporte\/index.php\" id=\"donate-recurr-1ID\" class=\"btn btn-major validate-step1 donate-link\">DARUJI PRAVIDELN\u011a<\/a> <\/div> <div class=\"btn-row--col\"> <button data-popup-trigger=\"darujte\" id=\"singlePaymentID\" class=\"btn btn-major btn-outline popup-trigger\">DARUJI JEDNOR\u00c1ZOV\u011a<\/button> <\/div> <p><\/p> <\/div> <\/div>\n<\/div>\n<\/div>\n <\/div>\n\n<\/div><\/div>\n\n\n\n<p><\/p>\n","protected":false},"excerpt":{"rendered":"<p>Ob\u010dansk\u00e1 kandid\u00e1tka pro Prahu 9 Jsme sou\u010d\u00e1st\u00ed ob\u010dansk\u00e9 kandid\u00e1tky PRAHA SOB\u011a. JAN \u010cI\u017dINSK\u00dd starosta Prahy 7 HANA T\u0158E\u0160T\u00cdKOV\u00c1 m\u00edstostarostka Prahy 7<\/p>\n","protected":false},"author":5,"featured_media":265,"parent":0,"menu_order":0,"comment_status":"closed","ping_status":"closed","template":"","meta":{"inline_featured_image":false},"acf":[],"aioseo_notices":[],"_links":{"self":[{"href":"https:\/\/prahasobe.cz\/praha9sobe\/wp-json\/wp\/v2\/pages\/11"}],"collection":[{"href":"https:\/\/prahasobe.cz\/praha9sobe\/wp-json\/wp\/v2\/pages"}],"about":[{"href":"https:\/\/prahasobe.cz\/praha9sobe\/wp-json\/wp\/v2\/types\/page"}],"author":[{"embeddable":true,"href":"https:\/\/prahasobe.cz\/praha9sobe\/wp-json\/wp\/v2\/users\/5"}],"replies":[{"embeddable":true,"href":"https:\/\/prahasobe.cz\/praha9sobe\/wp-json\/wp\/v2\/comments?post=11"}],"version-history":[{"count":55,"href":"https:\/\/prahasobe.cz\/praha9sobe\/wp-json\/wp\/v2\/pages\/11\/revisions"}],"predecessor-version":[{"id":7366,"href":"https:\/\/prahasobe.cz\/praha9sobe\/wp-json\/wp\/v2\/pages\/11\/revisions\/7366"}],"wp:featuredmedia":[{"embeddable":true,"href":"https:\/\/prahasobe.cz\/praha9sobe\/wp-json\/wp\/v2\/media\/265"}],"wp:attachment":[{"href":"https:\/\/prahasobe.cz\/praha9sobe\/wp-json\/wp\/v2\/media?parent=11"}],"curies":[{"name":"wp","href":"https:\/\/api.w.org\/{rel}","templated":true}]}}