{"id":13,"date":"2021-10-12T09:30:04","date_gmt":"2021-10-12T09:30:04","guid":{"rendered":"https:\/\/prahasobe.cz\/praha9sobe\/?page_id=13"},"modified":"2022-09-02T11:22:11","modified_gmt":"2022-09-02T11:22:11","slug":"novinky","status":"publish","type":"page","link":"https:\/\/prahasobe.cz\/praha12sobe\/novinky\/","title":{"rendered":"Novinky"},"content":{"rendered":"\n<p><strong>JAKOU PRAHU 12 CHCETE?<\/strong><\/p>\n\n\n\n<p>B\u011bhem sb\u011bru podpis\u016f pro&nbsp;na\u0161i kandidaturu jsme mluvili s&nbsp;hodn\u011b sousedy, ale&nbsp;n\u00e1s zaj\u00edm\u00e1 n\u00e1zor v\u0161ech obyvatel Prahy 12. Chceme v\u011bd\u011bt, jak si p\u0159edstavujete na\u0161i m\u011bstskou \u010d\u00e1st, co v\u00e1m chyb\u00ed, co byste pot\u0159ebovali, jakou budoucnost pro&nbsp;Dvan\u00e1ctku chcete.<\/p>\n\n\n\n<p>Napi\u0161te n\u00e1m podn\u011bty. Probereme je spolu a&nbsp;r\u00e1di je za\u0159ad\u00edme do&nbsp;programu.<\/p>\n\n\n\n<p><strong>Chceme tvo\u0159it Prahu 12 s&nbsp;v\u00e1mi, na\u0161imi sousedy.<\/strong><\/p>\n\n\n\n<p>D\u011bkujeme a&nbsp;t\u011b\u0161\u00edme se&nbsp;na va\u0161e tipy. Pi\u0161te n\u00e1m na email: <a href=\"mailto:praha12@prahasobe.cz\">praha12@prahasobe.cz<\/a>.<\/p>\n\n\n\n<p>Va\u0161e PRAHA 12 SOB\u011a<\/p>\n\n\n\n<p><\/p>\n\n\n\n<p><\/p>\n","protected":false},"excerpt":{"rendered":"<p>JAKOU PRAHU 12 CHCETE? B\u011bhem sb\u011bru podpis\u016f pro&nbsp;na\u0161i kandidaturu jsme mluvili s&nbsp;hodn\u011b sousedy, ale&nbsp;n\u00e1s zaj\u00edm\u00e1 n\u00e1zor v\u0161ech obyvatel Prahy 12. Chceme v\u011bd\u011bt, jak si p\u0159edstavujete na\u0161i m\u011bstskou \u010d\u00e1st, co v\u00e1m chyb\u00ed, co byste pot\u0159ebovali, jakou budoucnost pro&nbsp;Dvan\u00e1ctku chcete. Napi\u0161te n\u00e1m podn\u011bty. Probereme je spolu a&nbsp;r\u00e1di je za\u0159ad\u00edme do&nbsp;programu. Chceme tvo\u0159it Prahu 12 s&nbsp;v\u00e1mi, na\u0161imi sousedy. [&hellip;]<\/p>\n","protected":false},"author":5,"featured_media":639,"parent":0,"menu_order":1,"comment_status":"open","ping_status":"closed","template":"page-aktuality.php","meta":{"_acf_changed":false,"inline_featured_image":false,"footnotes":""},"class_list":["post-13","page","type-page","status-publish","has-post-thumbnail","hentry"],"acf":[],"aioseo_notices":[],"distributor_meta":false,"distributor_terms":false,"distributor_media":false,"distributor_original_site_name":"PRAHA 12 SOB\u011a","distributor_original_site_url":"https:\/\/prahasobe.cz\/praha12sobe","push-errors":false,"_links":{"self":[{"href":"https:\/\/prahasobe.cz\/praha12sobe\/wp-json\/wp\/v2\/pages\/13","targetHints":{"allow":["GET"]}}],"collection":[{"href":"https:\/\/prahasobe.cz\/praha12sobe\/wp-json\/wp\/v2\/pages"}],"about":[{"href":"https:\/\/prahasobe.cz\/praha12sobe\/wp-json\/wp\/v2\/types\/page"}],"author":[{"embeddable":true,"href":"https:\/\/prahasobe.cz\/praha12sobe\/wp-json\/wp\/v2\/users\/5"}],"replies":[{"embeddable":true,"href":"https:\/\/prahasobe.cz\/praha12sobe\/wp-json\/wp\/v2\/comments?post=13"}],"version-history":[{"count":2,"href":"https:\/\/prahasobe.cz\/praha12sobe\/wp-json\/wp\/v2\/pages\/13\/revisions"}],"predecessor-version":[{"id":644,"href":"https:\/\/prahasobe.cz\/praha12sobe\/wp-json\/wp\/v2\/pages\/13\/revisions\/644"}],"wp:featuredmedia":[{"embeddable":true,"href":"https:\/\/prahasobe.cz\/praha12sobe\/wp-json\/wp\/v2\/media\/639"}],"wp:attachment":[{"href":"https:\/\/prahasobe.cz\/praha12sobe\/wp-json\/wp\/v2\/media?parent=13"}],"curies":[{"name":"wp","href":"https:\/\/api.w.org\/{rel}","templated":true}]}}