{"id":11,"date":"2021-10-12T09:29:53","date_gmt":"2021-10-12T09:29:53","guid":{"rendered":"https:\/\/prahasobe.cz\/praha9sobe\/?page_id=11"},"modified":"2026-03-20T16:15:50","modified_gmt":"2026-03-20T15:15:50","slug":"homepage-2","status":"publish","type":"page","link":"https:\/\/prahasobe.cz\/praha12sobe\/","title":{"rendered":"Homepage"},"content":{"rendered":"<div id=\"ps-block_dafbd81327da6a16c872dd31192cb6be\" class=\"section custom-bgc custom-bgc-yellow rounded rounded-tl rounded-tr rounded-bl rounded-br hp-header-block\">\n\n\n<div class=\"wp-block-columns is-layout-flex wp-container-core-columns-is-layout-9d6595d7 wp-block-columns-is-layout-flex\">\n<div class=\"wp-block-column hp-header-block--col hp-header-block--col_caption is-layout-flow wp-block-column-is-layout-flow\">\n<figure class=\"wp-block-image size-large is-resized ps-mc-logo\"><img decoding=\"async\" src=\"http:\/\/prahasobe.cz\/praha12sobe\/wp-content\/uploads\/sites\/7\/2022\/04\/P12S.svg\" alt=\"\" class=\"wp-image-352\" width=\"120\" \/><\/figure>\n\n\n\n<h1 class=\"wp-block-heading\"><strong>Tvo\u0159\u00edme vizi pro&nbsp;Prahu&nbsp;12<\/strong><\/h1>\n\n\n\n<h3 class=\"wp-block-heading\">Na\u0161e m\u011bstsk\u00e1 \u010d\u00e1st si zaslou\u017e\u00ed koncep\u010dn\u00ed \u0159e\u0161en\u00ed p\u0159\u00ednosn\u00e9 p\u0159edev\u0161\u00edm pro&nbsp;jej\u00ed obyvatele.<\/h3>\n\n\n\n<div style=\"height:40px\" aria-hidden=\"true\" class=\"wp-block-spacer\"><\/div>\n\n\n\n<div class=\"wp-block-buttons is-layout-flex wp-block-buttons-is-layout-flex\"><\/div>\n<\/div>\n\n\n\n<div class=\"wp-block-column hp-header-block--col hp-header-block--col_map is-layout-flow wp-block-column-is-layout-flow\">\n<div class=\"svg-container svg-container--landscape\" data-theme=\"theme-yellow\">   <a href=\"#\" class=\"prague-district-link\">  <\/a> <a href=\"#\" class=\"prague-district-link\">  <\/a> <a href=\"#\" class=\"prague-district-link\">  <\/a> <a href=\"#\" class=\"prague-district-link\">  <\/a> <a href=\"#\" class=\"prague-district-link\">  <\/a>                       <\/div>\n<\/div>\n<\/div>\n\n\n<\/div>\n\n\n<div class=\"wp-block-group section section-narrow\"><div class=\"wp-block-group__inner-container is-layout-flow wp-block-group-is-layout-flow\"><div id=\"ps-block_9f9badf9cf39d40592397a372b664284\" class=\"section custom-bgc custom-bgc-regular outline outline-yellow rounded rounded-tl rounded-tr rounded-bl rounded-br\">\n\n\n<p class=\"has-text-align-center\"><strong>Vydali jsme noviny<\/strong> a&nbsp;jsou pln\u00e9 informac\u00ed z&nbsp;na\u0161\u00ed m\u011bstsk\u00e9 \u010d\u00e1sti &#8211; o&nbsp;kvalit\u011b \u0161kolstv\u00ed, \u00fazemn\u00edm pl\u00e1nov\u00e1n\u00ed, historii i&nbsp;budoucnosti Komo\u0159an, novinky o&nbsp;Prioru i&nbsp;o&nbsp;tom, jakou chceme Prahu 12.<\/p>\n\n\n\n<p><\/p>\n\n\n\n<p><\/p>\n\n\n\n<div class=\"wp-block-buttons is-horizontal is-content-justification-center is-layout-flex wp-container-core-buttons-is-layout-499968f5 wp-block-buttons-is-layout-flex\">\n<div class=\"wp-block-button caps btn-black\"><a class=\"wp-block-button__link\" href=\"https:\/\/prahasobe.cz\/praha12sobe\/2026\/03\/20\/prectete-si-zpravodaj-praha-12-sobe\/\">Chci si p\u0159e\u010d\u00edst zpravodaj praha 12 sob\u011b<\/a><\/div>\n<\/div>\n\n\n<\/div>\n\n<div id=\"ps-block_9f9badf9cf39d40592397a372b664284\" class=\"section custom-bgc custom-bgc-regular outline outline-yellow rounded rounded-tl rounded-tr rounded-bl rounded-br\">\n\n\n<p><\/p>\n\n\n\n<p class=\"has-text-align-center\">Zaj\u00edm\u00e1 v\u00e1s, co se&nbsp;v&nbsp;na\u0161\u00ed m\u011bstsk\u00e9 \u010d\u00e1sti d\u011bje?<\/p>\n\n\n\n<p class=\"has-text-align-center\">Pot\u0159ebujete poradit, nebo m\u00e1te podn\u011bt ke zlep\u0161en\u00ed? Nebo se&nbsp;k&nbsp;n\u00e1m chcete p\u0159idat?<\/p>\n\n\n\n<p class=\"has-text-align-center\"><strong>P\u0159ij\u010fte na na\u0161e setk\u00e1n\u00ed!<\/strong><\/p>\n\n\n\n<div class=\"wp-block-buttons is-horizontal is-content-justification-center is-layout-flex wp-container-core-buttons-is-layout-499968f5 wp-block-buttons-is-layout-flex\">\n<div class=\"wp-block-button caps btn-black\"><a class=\"wp-block-button__link\" href=\"https:\/\/prahasobe.cz\/praha12sobe\/kontakt\/\">9.&nbsp;dubna od 18 hodin <\/a><\/div>\n<\/div>\n\n\n<\/div>\n\n<div id=\"ps-block_9f9badf9cf39d40592397a372b664284\" class=\"section custom-bgc custom-bgc-regular outline outline-yellow rounded rounded-tl rounded-tr rounded-bl rounded-br\">\n\n\n<p class=\"has-text-align-center\"><strong>Kdy\u017e se&nbsp;spoj\u00ed soused\u00e9, dok\u00e1\u017eeme velk\u00e9 v\u011bci.<\/strong><\/p>\n\n\n\n<p class=\"has-text-align-center\">P\u0159in\u00e1\u0161\u00edme sousedskou politiku do&nbsp;Prahy 12. M\u00edstn\u00ed sami nejl\u00e9pe v\u011bd\u00ed, co je u&nbsp;n\u00e1s pot\u0159eba.<\/p>\n\n\n\n<p class=\"has-text-align-center\">Ve volb\u00e1ch se&nbsp;n\u00e1m na Praze 12 poda\u0159ilo z\u00edskat p\u0159es 11&nbsp;%. Po&nbsp;volb\u00e1ch vznikla koalice ODS\/TOP09 + ANO s&nbsp;v\u011bt\u0161inou jednoho hlasu a&nbsp;Praha 12 sob\u011b skon\u010dila v&nbsp;opozici. Ale&nbsp;z\u00edskali jsme post p\u0159edsedkyn\u011b kontroln\u00edho v\u00fdboru, m\u00e1me obsazen\u00ed ve&nbsp;v\u0161ech komis\u00edch m\u011bstsk\u00e9 \u010d\u00e1sti a&nbsp;ve&nbsp;finan\u010dn\u00edm v\u00fdboru.<\/p>\n\n\n\n<p class=\"has-text-align-center\"><strong>Budeme v\u017edy prosazovat&nbsp;z\u00e1jmy ob\u010dan\u016f nad z\u00e1jmy developer\u016f a&nbsp;spekulant\u016f.&nbsp;P\u0159ejeme si Prahu 12 sousedskou a&nbsp;p\u0159\u00e1telskou ke sv\u00fdm ob\u010dan\u016fm.<\/strong><\/p>\n\n\n\n<p class=\"has-text-align-center\"><\/p>\n\n\n\n<div style=\"height:20px\" aria-hidden=\"true\" class=\"wp-block-spacer\"><\/div>\n\n\n\n<div class=\"wp-block-buttons is-horizontal is-content-justification-center is-layout-flex wp-container-core-buttons-is-layout-499968f5 wp-block-buttons-is-layout-flex\">\n<div class=\"wp-block-button caps btn-black\"><a class=\"wp-block-button__link\" href=\"https:\/\/prahasobe.cz\/praha12sobe\/kontakt\/\">P\u0159idejte se&nbsp;k&nbsp;n\u00e1m<\/a><\/div>\n<\/div>\n\n\n<\/div>\n\n\n<div style=\"height:60px\" aria-hidden=\"true\" class=\"wp-block-spacer\"><\/div>\n<\/div><\/div>\n\n\n\n<div class=\"wp-block-group section section-narrow ps-kandidatka-rastr\"><div class=\"wp-block-group__inner-container is-layout-flow wp-block-group-is-layout-flow\">\n<figure class=\"wp-block-gallery has-nested-images columns-4 is-cropped wp-block-gallery-1 is-layout-flex wp-block-gallery-is-layout-flex\">\n<figure class=\"wp-block-image size-full\"><img loading=\"lazy\" decoding=\"async\" width=\"714\" height=\"682\" data-id=\"925\" src=\"https:\/\/prahasobe.cz\/praha12sobe\/wp-content\/uploads\/sites\/7\/2026\/03\/WEB5-vsichni-1-edited.jpeg\" alt=\"\" class=\"wp-image-925\" srcset=\"https:\/\/prahasobe.cz\/praha12sobe\/wp-content\/uploads\/sites\/7\/2026\/03\/WEB5-vsichni-1-edited.jpeg 714w, https:\/\/prahasobe.cz\/praha12sobe\/wp-content\/uploads\/sites\/7\/2026\/03\/WEB5-vsichni-1-edited-300x287.jpeg 300w\" sizes=\"auto, (max-width: 714px) 100vw, 714px\" \/><\/figure>\n\n\n\n<figure class=\"wp-block-image size-full\"><img loading=\"lazy\" decoding=\"async\" width=\"720\" height=\"772\" data-id=\"926\" src=\"https:\/\/prahasobe.cz\/praha12sobe\/wp-content\/uploads\/sites\/7\/2026\/03\/web-adam-vsichni-cela-edited.jpeg\" alt=\"\" class=\"wp-image-926\" srcset=\"https:\/\/prahasobe.cz\/praha12sobe\/wp-content\/uploads\/sites\/7\/2026\/03\/web-adam-vsichni-cela-edited.jpeg 720w, https:\/\/prahasobe.cz\/praha12sobe\/wp-content\/uploads\/sites\/7\/2026\/03\/web-adam-vsichni-cela-edited-280x300.jpeg 280w\" sizes=\"auto, (max-width: 720px) 100vw, 720px\" \/><\/figure>\n\n\n\n<figure class=\"wp-block-image size-full\"><img loading=\"lazy\" decoding=\"async\" width=\"768\" height=\"1024\" data-id=\"843\" src=\"https:\/\/prahasobe.cz\/praha12sobe\/wp-content\/uploads\/sites\/7\/2026\/02\/IMG_1709-768x1024.jpeg\" alt=\"\" class=\"wp-image-843\" srcset=\"https:\/\/prahasobe.cz\/praha12sobe\/wp-content\/uploads\/sites\/7\/2026\/02\/IMG_1709-768x1024.jpeg 768w, https:\/\/prahasobe.cz\/praha12sobe\/wp-content\/uploads\/sites\/7\/2026\/02\/IMG_1709-225x300.jpeg 225w, https:\/\/prahasobe.cz\/praha12sobe\/wp-content\/uploads\/sites\/7\/2026\/02\/IMG_1709-1152x1536.jpeg 1152w, https:\/\/prahasobe.cz\/praha12sobe\/wp-content\/uploads\/sites\/7\/2026\/02\/IMG_1709-rotated.jpeg 1158w\" sizes=\"auto, (max-width: 768px) 100vw, 768px\" \/><\/figure>\n\n\n\n<figure class=\"wp-block-image size-full\"><img loading=\"lazy\" decoding=\"async\" width=\"224\" height=\"263\" data-id=\"272\" src=\"http:\/\/prahasobe.cz\/praha12sobe\/wp-content\/uploads\/sites\/7\/2022\/04\/petice-galerie_DSC05798_AlesKral.png\" alt=\"\" class=\"wp-image-272\" \/><\/figure>\n\n\n\n<figure class=\"wp-block-image size-full\"><img loading=\"lazy\" decoding=\"async\" width=\"768\" height=\"1024\" data-id=\"928\" src=\"https:\/\/prahasobe.cz\/praha12sobe\/wp-content\/uploads\/sites\/7\/2026\/03\/web-adam-rada.jpeg\" alt=\"\" class=\"wp-image-928\" srcset=\"https:\/\/prahasobe.cz\/praha12sobe\/wp-content\/uploads\/sites\/7\/2026\/03\/web-adam-rada.jpeg 768w, https:\/\/prahasobe.cz\/praha12sobe\/wp-content\/uploads\/sites\/7\/2026\/03\/web-adam-rada-225x300.jpeg 225w\" sizes=\"auto, (max-width: 768px) 100vw, 768px\" \/><\/figure>\n\n\n\n<figure class=\"wp-block-image size-full\"><img loading=\"lazy\" decoding=\"async\" width=\"768\" height=\"1024\" data-id=\"844\" src=\"https:\/\/prahasobe.cz\/praha12sobe\/wp-content\/uploads\/sites\/7\/2026\/02\/IMG_1882-768x1024.jpeg\" alt=\"\" class=\"wp-image-844\" srcset=\"https:\/\/prahasobe.cz\/praha12sobe\/wp-content\/uploads\/sites\/7\/2026\/02\/IMG_1882-768x1024.jpeg 768w, https:\/\/prahasobe.cz\/praha12sobe\/wp-content\/uploads\/sites\/7\/2026\/02\/IMG_1882-225x300.jpeg 225w, https:\/\/prahasobe.cz\/praha12sobe\/wp-content\/uploads\/sites\/7\/2026\/02\/IMG_1882-1152x1536.jpeg 1152w, https:\/\/prahasobe.cz\/praha12sobe\/wp-content\/uploads\/sites\/7\/2026\/02\/IMG_1882-rotated.jpeg 1158w\" sizes=\"auto, (max-width: 768px) 100vw, 768px\" \/><\/figure>\n\n\n\n<figure class=\"wp-block-image size-full\"><img loading=\"lazy\" decoding=\"async\" width=\"225\" height=\"263\" data-id=\"279\" src=\"http:\/\/prahasobe.cz\/praha12sobe\/wp-content\/uploads\/sites\/7\/2022\/04\/petice-galerie_DSC06183_AlesKral.png\" alt=\"\" class=\"wp-image-279\" \/><\/figure>\n\n\n\n<figure class=\"wp-block-image size-full\"><img loading=\"lazy\" decoding=\"async\" width=\"1024\" height=\"769\" data-id=\"927\" src=\"https:\/\/prahasobe.cz\/praha12sobe\/wp-content\/uploads\/sites\/7\/2026\/03\/web-vlajka-tibet.jpeg\" alt=\"\" class=\"wp-image-927\" srcset=\"https:\/\/prahasobe.cz\/praha12sobe\/wp-content\/uploads\/sites\/7\/2026\/03\/web-vlajka-tibet.jpeg 1024w, https:\/\/prahasobe.cz\/praha12sobe\/wp-content\/uploads\/sites\/7\/2026\/03\/web-vlajka-tibet-300x225.jpeg 300w, https:\/\/prahasobe.cz\/praha12sobe\/wp-content\/uploads\/sites\/7\/2026\/03\/web-vlajka-tibet-768x577.jpeg 768w\" sizes=\"auto, (max-width: 1024px) 100vw, 1024px\" \/><\/figure>\n\n\n\n<figure class=\"wp-block-image size-full\"><img loading=\"lazy\" decoding=\"async\" width=\"1024\" height=\"769\" data-id=\"904\" src=\"http:\/\/prahasobe.cz\/praha12sobe\/wp-content\/uploads\/sites\/7\/2026\/02\/tramvaj-libus.jpeg\" alt=\"\" class=\"wp-image-904\" srcset=\"https:\/\/prahasobe.cz\/praha12sobe\/wp-content\/uploads\/sites\/7\/2026\/02\/tramvaj-libus.jpeg 1024w, https:\/\/prahasobe.cz\/praha12sobe\/wp-content\/uploads\/sites\/7\/2026\/02\/tramvaj-libus-300x225.jpeg 300w, https:\/\/prahasobe.cz\/praha12sobe\/wp-content\/uploads\/sites\/7\/2026\/02\/tramvaj-libus-768x577.jpeg 768w\" sizes=\"auto, (max-width: 1024px) 100vw, 1024px\" \/><\/figure>\n\n\n\n<figure class=\"wp-block-image size-full\"><img loading=\"lazy\" decoding=\"async\" width=\"768\" height=\"1024\" data-id=\"905\" src=\"http:\/\/prahasobe.cz\/praha12sobe\/wp-content\/uploads\/sites\/7\/2026\/02\/web-uklid.jpeg\" alt=\"\" class=\"wp-image-905\" srcset=\"https:\/\/prahasobe.cz\/praha12sobe\/wp-content\/uploads\/sites\/7\/2026\/02\/web-uklid.jpeg 768w, https:\/\/prahasobe.cz\/praha12sobe\/wp-content\/uploads\/sites\/7\/2026\/02\/web-uklid-225x300.jpeg 225w\" sizes=\"auto, (max-width: 768px) 100vw, 768px\" \/><\/figure>\n\n\n\n<figure class=\"wp-block-image size-full\"><img loading=\"lazy\" decoding=\"async\" width=\"768\" height=\"1024\" data-id=\"918\" src=\"https:\/\/prahasobe.cz\/praha12sobe\/wp-content\/uploads\/sites\/7\/2026\/02\/web4-1.jpeg\" alt=\"\" class=\"wp-image-918\" srcset=\"https:\/\/prahasobe.cz\/praha12sobe\/wp-content\/uploads\/sites\/7\/2026\/02\/web4-1.jpeg 768w, https:\/\/prahasobe.cz\/praha12sobe\/wp-content\/uploads\/sites\/7\/2026\/02\/web4-1-225x300.jpeg 225w\" sizes=\"auto, (max-width: 768px) 100vw, 768px\" \/><\/figure>\n\n\n\n<figure class=\"wp-block-image size-full\"><img loading=\"lazy\" decoding=\"async\" width=\"584\" height=\"557\" data-id=\"923\" src=\"https:\/\/prahasobe.cz\/praha12sobe\/wp-content\/uploads\/sites\/7\/2026\/03\/WEb3-1-edited.jpeg\" alt=\"\" class=\"wp-image-923\" srcset=\"https:\/\/prahasobe.cz\/praha12sobe\/wp-content\/uploads\/sites\/7\/2026\/03\/WEb3-1-edited.jpeg 584w, https:\/\/prahasobe.cz\/praha12sobe\/wp-content\/uploads\/sites\/7\/2026\/03\/WEb3-1-edited-300x286.jpeg 300w\" sizes=\"auto, (max-width: 584px) 100vw, 584px\" \/><\/figure>\n<\/figure>\n<\/div><\/div>\n\n\n\n<div style=\"height:40px\" aria-hidden=\"true\" class=\"wp-block-spacer\"><\/div>\n\n\n\n<div class=\"wp-block-group full-width ps-strip-container\"><div class=\"wp-block-group__inner-container is-layout-flow wp-block-group-is-layout-flow\">\n<div class=\"wp-block-columns ps-strip is-layout-flex wp-container-core-columns-is-layout-9d6595d7 wp-block-columns-is-layout-flex\">\n<div class=\"wp-block-column column-caption is-layout-flow wp-block-column-is-layout-flow\">\n<h3 class=\"caps ps-ff strong wp-block-heading\"><strong>Jsme sou\u010d\u00e1st\u00ed PRAHA SOB\u011a.<\/strong><\/h3>\n\n\n\n<div class=\"wp-block-columns ps-people-columns is-layout-flex wp-container-core-columns-is-layout-9d6595d7 wp-block-columns-is-layout-flex\">\n<div class=\"wp-block-column ps-people-column ps-people-column_icon is-layout-flow wp-block-column-is-layout-flow\">\n<figure class=\"wp-block-image size-large\"><img decoding=\"async\" src=\"http:\/\/prahasobe.cz\/praha12sobe\/wp-content\/uploads\/sites\/7\/2022\/04\/PSMC_icon-man02.svg\" alt=\"\" class=\"wp-image-260\" \/><\/figure>\n<\/div>\n\n\n\n<div class=\"wp-block-column ps-people-column ps-people-column_headline is-layout-flow wp-block-column-is-layout-flow\">\n<h6 class=\"caps ff-ps-italic strong wp-block-heading\">JAN \u010cI\u017dINSK\u00dd<\/h6>\n<\/div>\n\n\n\n<div class=\"wp-block-column ps-people-column ps-people-column_caption is-layout-flow wp-block-column-is-layout-flow\">\n<p class=\"minor\">starosta Prahy 7<\/p>\n<\/div>\n<\/div>\n\n\n\n<div class=\"wp-block-columns ps-people-columns is-layout-flex wp-container-core-columns-is-layout-9d6595d7 wp-block-columns-is-layout-flex\">\n<div class=\"wp-block-column ps-people-column ps-people-column_icon is-layout-flow wp-block-column-is-layout-flow\">\n<figure class=\"wp-block-image size-large\"><img decoding=\"async\" src=\"http:\/\/prahasobe.cz\/praha12sobe\/wp-content\/uploads\/sites\/7\/2022\/04\/PSMC_icon-woman02.svg\" alt=\"\" class=\"wp-image-261\" \/><\/figure>\n<\/div>\n\n\n\n<div class=\"wp-block-column ps-people-column ps-people-column_headline is-layout-flow wp-block-column-is-layout-flow\">\n<h6 class=\"caps ff-ps-italic strong wp-block-heading\">HANA T\u0158E\u0160T\u00cdKOV\u00c1<\/h6>\n<\/div>\n\n\n\n<div class=\"wp-block-column ps-people-column ps-people-column_caption is-layout-flow wp-block-column-is-layout-flow\">\n<p class=\"minor\">radn\u00ed pro&nbsp;kulturu Prahy<\/p>\n<\/div>\n<\/div>\n\n\n\n<div class=\"wp-block-buttons is-layout-flex wp-block-buttons-is-layout-flex\">\n<div class=\"wp-block-button btn-black\"><a class=\"wp-block-button__link\" href=\"https:\/\/prahasobe.cz\/\">p\u0159ej\u00edt na web prahasob\u011b<\/a><\/div>\n<\/div>\n<\/div>\n\n\n\n<div class=\"wp-block-column column-circles is-layout-flow wp-block-column-is-layout-flow\">\n<div class=\"wp-block-columns nowrap is-layout-flex wp-container-core-columns-is-layout-9d6595d7 wp-block-columns-is-layout-flex\">\n<div class=\"wp-block-column is-layout-flow wp-block-column-is-layout-flow\">\n<figure class=\"wp-block-image size-full\"><img loading=\"lazy\" decoding=\"async\" width=\"600\" height=\"601\" src=\"http:\/\/prahasobe.cz\/praha12sobe\/wp-content\/uploads\/sites\/7\/2022\/04\/PSSOBE-JCizinskyHTrestikova.png\" alt=\"\" class=\"wp-image-262\" srcset=\"https:\/\/prahasobe.cz\/praha12sobe\/wp-content\/uploads\/sites\/7\/2022\/04\/PSSOBE-JCizinskyHTrestikova.png 600w, https:\/\/prahasobe.cz\/praha12sobe\/wp-content\/uploads\/sites\/7\/2022\/04\/PSSOBE-JCizinskyHTrestikova-300x300.png 300w, https:\/\/prahasobe.cz\/praha12sobe\/wp-content\/uploads\/sites\/7\/2022\/04\/PSSOBE-JCizinskyHTrestikova-150x150.png 150w\" sizes=\"auto, (max-width: 600px) 100vw, 600px\" \/><\/figure>\n<\/div>\n\n\n\n<div class=\"wp-block-column is-layout-flow wp-block-column-is-layout-flow\">\n<figure class=\"wp-block-image size-full\"><img loading=\"lazy\" decoding=\"async\" width=\"489\" height=\"489\" src=\"http:\/\/localhost:8888\/PrahaSobeMULTISITE\/praha9sobe\/wp-content\/uploads\/sites\/4\/2021\/11\/PS-circ-logo.png\" alt=\"\" class=\"wp-image-197\" srcset=\"https:\/\/prahasobe.cz\/praha12sobe\/wp-content\/uploads\/sites\/7\/2021\/11\/PS-circ-logo.png 489w, https:\/\/prahasobe.cz\/praha12sobe\/wp-content\/uploads\/sites\/7\/2021\/11\/PS-circ-logo-300x300.png 300w, https:\/\/prahasobe.cz\/praha12sobe\/wp-content\/uploads\/sites\/7\/2021\/11\/PS-circ-logo-150x150.png 150w\" sizes=\"auto, (max-width: 489px) 100vw, 489px\" \/><\/figure>\n<\/div>\n<\/div>\n<\/div>\n<\/div>\n<\/div><\/div>\n\n\n\n<div id=\"newsletter-signup-widget-area\" class=\"amr-widget-area\"> <div class=\"social-widget\"> <div id=\"mc_embed_signup\" class=\"sign_up_form-container\"> <form action=\"https:\/\/prahasobe.us17.list-manage.com\/subscribe\/post?u=fb3b2e23a20226223d7fd78a0&amp;id=abb3da898c\" method=\"post\" id=\"mc-embedded-subscribe-form\" name=\"mc-embedded-subscribe-form\" class=\"validate sign_up_form\" target=\"_blank\" novalidate=\"\"> <div id=\"mc_embed_signup_scroll\" class=\"sign_up_form-inner\"> <p class=\"form-item caps form-label caps minor\">Novinky ve va\u0161em mailu<\/p> <div class=\"form-item mc-field-group input-container\"> <input type=\"email\" value=\"\" name=\"EMAIL\" placeholder=\"Novinky ve va\u0161em mailu\" class=\"required email plain  oldsignup-trigger\" id=\"mce-EMAIL\"> <label for=\"mce-EMAIL\" class=\"label-as-placeholder\">Novinky ve va\u0161em mailu<\/label> <\/div> <div id=\"mce-responses\" class=\"clear\"> <div class=\"response\" id=\"mce-error-response\" style=\"display:none\"><\/div> <div class=\"response\" id=\"mce-success-response\" style=\"display:none\"><\/div> <\/div> <p><!-- real people should not fill this in and expect good things - do not remove this or risk form bot signups--> <\/p> <div style=\"position: absolute; left: -5000px;\" aria-hidden=\"true\"><input type=\"text\" name=\"b_fb3b2e23a20226223d7fd78a0_abb3da898c\" tabindex=\"-1\" value=\"\"><\/div> <div class=\"form-item clear submit-btn-container plain \"><input type=\"submit\" value=\"Odeb\u00edrat newsletter\" name=\"subscribe\" id=\"mc-embedded-subscribe\" class=\"button caps plain oldsignup-trigger\"><\/div> <\/div> <\/form> <\/div> <\/div> <\/div>\n\n\n\n\n<div class=\"wp-block-group\"><div class=\"wp-block-group__inner-container is-layout-flow wp-block-group-is-layout-flow\">\n<div id=\"podporte-ps-widget-area\" class=\"amr-widget-area\"> \n<div class=\"wp-block-columns podporte-ps-widget is-layout-flex wp-container-core-columns-is-layout-9d6595d7 wp-block-columns-is-layout-flex\">\n<div class=\"wp-block-column thick-T dotted-B is-layout-flow wp-block-column-is-layout-flow\" style=\"flex-basis:33.33%\">\n<ol class=\"wp-block-list\"><li>Podporu adresujte cel\u00e9 PRAZE SOB\u011a, nebo konkr\u00e9tn\u00edm m\u011bstsk\u00fdm \u010d\u00e1stem.<\/li><li>Zvolte&nbsp;\u010d\u00e1stku.<\/li><li>Potvr\u010fte kliknut\u00edm na tla\u010d\u00edtko DAROVAT a&nbsp;pokra\u010dujte ke&nbsp;shrnut\u00ed a&nbsp;platb\u011b.<\/li><\/ol>\n\n\n\n<div style=\"height:20px\" aria-hidden=\"true\" class=\"wp-block-spacer\"><\/div>\n\n\n\n<h3 class=\"wp-block-heading\"><strong>Co v\u0161echno V\u00e1\u0161 dar m\u016f\u017ee zm\u011bnit?<\/strong><\/h3>\n\n\n\n<div style=\"height:14px\" aria-hidden=\"true\" class=\"wp-block-spacer\"><\/div>\n\n\n\n<p><strong><strong>300 K\u010d <\/strong><\/strong>= podpora na anal\u00fdzy rozhodnut\u00edch sou\u010dasn\u00e9 Rady, abychom zabr\u00e1nili nekal\u00fdm praktik\u00e1m ve&nbsp;veden\u00ed&nbsp;m\u011bsta<\/p>\n\n\n\n<p><strong><strong>500 K\u010d <\/strong><\/strong>= 16 000 lid\u00ed se na soc.&nbsp;s\u00edt\u00edch dozv\u00ed t\u0159eba o&nbsp;Bal\u00ed\u010dku pro Pra\u017eany, kter\u00fd pom\u00e1h\u00e1 k&nbsp;dostupn\u00e9mu bydlen\u00ed, \u0161koln\u00edm ob\u011bd\u016fm zdarma a&nbsp;dal\u0161\u00ed pomoci t\u011bm nejohro\u017een\u011bj\u0161\u00edm&nbsp;Pra\u017ean\u016fm<\/p>\n\n\n\n<p><strong><strong>800 K\u010d <\/strong><\/strong>= podpora na pr\u00e1vn\u00ed anal\u00fdzy k&nbsp;odstra\u0148ov\u00e1n\u00ed ileg\u00e1ln\u00edch&nbsp;billboard\u016f<\/p>\n\n\n\n<p><strong><strong>2000 K\u010d <\/strong><\/strong>= podpora pro na\u0161e odborn\u00edky, aby mohli posouvat ty nejv\u011bt\u0161\u00ed m\u011bstsk\u00e9 projekty, jako jsou okruhy nebo dostupn\u00e9&nbsp;bydlen\u00ed<\/p>\n\n\n\n<div style=\"height:14px\" aria-hidden=\"true\" class=\"wp-block-spacer\"><\/div>\n<\/div>\n\n\n\n<div class=\"wp-block-column rounded-tl rounded-tr rounded-br rounded-bl custom-bgc custom-bgc-yellow is-layout-flow wp-block-column-is-layout-flow\" style=\"flex-basis:66.66%\">\n<div style=\"height:20px\" aria-hidden=\"true\" class=\"wp-block-spacer\"><\/div>\n\n\n\n<div class=\"support-form-prestep\"> <div class=\"row\"> <h4 class=\"text-left donation-headline\">P\u0159\u00edjemce p\u0159\u00edsp\u011bvku:<\/h4> <p><\/p> <\/div> <div class=\"row custom-input--select\"> <select name=\"county\"><option value=\"Praha-12\">Praha 12<\/option><option value=\"Magistrat\">Magistr\u00e1t<\/option><option value=\"Praha-1\">Praha 1<\/option><option value=\"Praha-2\">Praha 2<\/option><option value=\"Praha-3\">Praha 3<\/option><option value=\"Praha-4\">Praha 4<\/option><option value=\"Praha-5\">Praha 5<\/option><option value=\"Praha-6\">Praha 6<\/option><option value=\"Praha-7\">Praha 7<\/option><option value=\"Praha-8\">Praha 8<\/option><option value=\"Praha-9\">Praha 9<\/option><option value=\"Praha-10\">Praha 10<\/option><option value=\"Praha-11\">Praha 11<\/option><option value=\"Praha-13\">Praha 13<\/option><option value=\"Praha-14\">Praha 14<\/option><option value=\"Praha-Kunratice\">Kunratice<\/option><option value=\"Praha-Satalice\">Satalice<\/option><\/select> <\/div> <div class=\"row\"> <h4 class=\"text-left donation-headline\">Zvolte takovou \u010d\u00e1stku, kterou sami SOB\u011a ud\u011bl\u00e1te radost.<\/h4> <p><\/p> <\/div> <div class=\"row text-left row-amount-pick\"> <div class=\"\"> <label class=\" margin-b nice-input\">300&nbsp;K\u010d<input type=\"radio\" name=\"amount\" value=\"300\"><span class=\"checkmark\"><\/span><\/label> <\/div> <div class=\"col\"> <label class=\" margin-b nice-input\">500&nbsp;K\u010d<input type=\"radio\" name=\"amount\" value=\"500\"><span class=\"checkmark\"><\/span><\/label> <\/div> <div class=\"col\"> <label class=\" margin-b nice-input\">800&nbsp;K\u010d<input type=\"radio\" name=\"amount\" value=\"800\" checked=\"\"><span class=\"checkmark\"><\/span><\/label> <\/div> <div class=\"col\"> <label class=\" margin-b nice-input\">2000&nbsp;K\u010d<input type=\"radio\" name=\"amount\" value=\"2000\"><span class=\"checkmark\"><\/span><\/label> <\/div> <p><\/p> <\/div> <div class=\"row margin-b margin-t row-set-custom-amount\"> <a class=\"show-user-set-amount\">Zadejte vlastn\u00ed \u010d\u00e1stku<\/a><input id=\"setAmountID\" class=\"widest\" type=\"number\" min=\"50\" placeholder=\"nebo zadejte \u010d\u00e1stku\" name=\"user-set-amount\"><input id=\"\" class=\"actual-amount\" type=\"hidden\" name=\"actual-amount\"> <\/div> <div class=\"row btn-row margin-t\"> <div class=\"btn-row--col\"> <a data-donation-type=\"regular\" href=\"https:\/\/prahasobe.cz\/podporte\/index.php\" id=\"donate-recurr-1ID\" class=\"btn btn-major validate-step1 donate-link\">DARUJI PRAVIDELN\u011a<\/a> <\/div> <div class=\"btn-row--col\"> <button data-popup-trigger=\"darujte\" id=\"singlePaymentID\" class=\"btn btn-major btn-outline popup-trigger\">DARUJI JEDNOR\u00c1ZOV\u011a<\/button> <\/div> <p><\/p> <\/div> <\/div>\n<\/div>\n<\/div>\n <\/div>\n\n<\/div><\/div>\n\n\n\n<p><\/p>\n","protected":false},"excerpt":{"rendered":"<p>Jsme sou\u010d\u00e1st\u00ed PRAHA SOB\u011a. JAN \u010cI\u017dINSK\u00dd starosta Prahy 7 HANA T\u0158E\u0160T\u00cdKOV\u00c1 radn\u00ed pro&nbsp;kulturu Prahy<\/p>\n","protected":false},"author":5,"featured_media":454,"parent":0,"menu_order":0,"comment_status":"closed","ping_status":"closed","template":"","meta":{"_acf_changed":false,"inline_featured_image":false,"footnotes":""},"class_list":["post-11","page","type-page","status-publish","has-post-thumbnail","hentry"],"acf":[],"aioseo_notices":[],"distributor_meta":false,"distributor_terms":false,"distributor_media":false,"distributor_original_site_name":"PRAHA 12 SOB\u011a","distributor_original_site_url":"https:\/\/prahasobe.cz\/praha12sobe","push-errors":false,"_links":{"self":[{"href":"https:\/\/prahasobe.cz\/praha12sobe\/wp-json\/wp\/v2\/pages\/11","targetHints":{"allow":["GET"]}}],"collection":[{"href":"https:\/\/prahasobe.cz\/praha12sobe\/wp-json\/wp\/v2\/pages"}],"about":[{"href":"https:\/\/prahasobe.cz\/praha12sobe\/wp-json\/wp\/v2\/types\/page"}],"author":[{"embeddable":true,"href":"https:\/\/prahasobe.cz\/praha12sobe\/wp-json\/wp\/v2\/users\/5"}],"replies":[{"embeddable":true,"href":"https:\/\/prahasobe.cz\/praha12sobe\/wp-json\/wp\/v2\/comments?post=11"}],"version-history":[{"count":42,"href":"https:\/\/prahasobe.cz\/praha12sobe\/wp-json\/wp\/v2\/pages\/11\/revisions"}],"predecessor-version":[{"id":945,"href":"https:\/\/prahasobe.cz\/praha12sobe\/wp-json\/wp\/v2\/pages\/11\/revisions\/945"}],"wp:featuredmedia":[{"embeddable":true,"href":"https:\/\/prahasobe.cz\/praha12sobe\/wp-json\/wp\/v2\/media\/454"}],"wp:attachment":[{"href":"https:\/\/prahasobe.cz\/praha12sobe\/wp-json\/wp\/v2\/media?parent=11"}],"curies":[{"name":"wp","href":"https:\/\/api.w.org\/{rel}","templated":true}]}}